{"id":9,"date":"2018-01-28T13:14:58","date_gmt":"2018-01-28T13:14:58","guid":{"rendered":"http:\/\/zspwr.nazwa.pl\/?page_id=9"},"modified":"2026-03-10T12:27:55","modified_gmt":"2026-03-10T11:27:55","slug":"kontakt","status":"publish","type":"page","link":"https:\/\/www.zspwolaradlowska.pl\/?page_id=9","title":{"rendered":"Kontakt"},"content":{"rendered":"\n<h2 class=\"wp-block-heading has-text-align-center\">Zesp\u00f3\u0142 Szkolno-Przedszkolny w Woli Rad\u0142owskiej<br><\/h2>\n\n\n\n<p class=\"has-text-align-center\"><strong>Adres:<\/strong><br>Wola Rad\u0142owska 67<br>33-133 Wa\u0142-Ruda<\/p>\n\n\n\n<p class=\"has-text-align-center\"><strong>Telefon<\/strong>: <a href=\"tel:\" data-type=\"tel\" data-id=\"tel:\">146782038<\/a><\/p>\n\n\n\n<p class=\"has-text-align-center\"><strong>Adres e-mail:<\/strong> <a href=\"mailto:sekretariat@zspwolaradlowska.pl\">sekretariat@zspwolaradlowska.pl<\/a><\/p>\n\n\n\n<figure class=\"wp-block-image aligncenter size-full\"><a href=\"https:\/\/www.facebook.com\/Zesp%C3%B3%C5%82-Szkolno-Przedszkolny-w-Woli-Rad%C5%82owskiej-792584247465708\/\" target=\"_blank\" rel=\"noopener\"><img loading=\"lazy\" decoding=\"async\" width=\"130\" height=\"130\" src=\"https:\/\/zspwr.nazwa.pl\/wp-content\/uploads\/2022\/01\/f_logo_RGB-Blue_58.png\" alt=\"Facebook\" class=\"wp-image-122\"\/><\/a><figcaption class=\"wp-element-caption\"><a rel=\"noreferrer noopener\" href=\"https:\/\/www.facebook.com\/Zesp%C3%B3%C5%82-Szkolno-Przedszkolny-w-Woli-Rad%C5%82owskiej-792584247465708\/\" target=\"_blank\">Facebook<\/a><\/figcaption><\/figure>\n\n\n\n<p class=\"has-vivid-cyan-blue-color has-text-color\"><\/p>\n\n\n\n<p><\/p>\n","protected":false},"excerpt":{"rendered":"<p>Zesp\u00f3\u0142 Szkolno-Przedszkolny w Woli Rad\u0142owskiej Adres:Wola Rad\u0142owska 6733-133 Wa\u0142-Ruda Telefon: 146782038 Adres e-mail: sekretariat@zspwolaradlowska.pl<\/p>\n","protected":false},"author":1,"featured_media":0,"parent":0,"menu_order":0,"comment_status":"closed","ping_status":"closed","template":"","meta":{"zakra_page_container_layout":"customizer","zakra_page_sidebar_layout":"customizer","zakra_remove_content_margin":false,"zakra_sidebar":"customizer","zakra_transparent_header":"customizer","zakra_logo":0,"zakra_main_header_style":"default","zakra_menu_item_color":"","zakra_menu_item_hover_color":"","zakra_menu_item_active_color":"","zakra_menu_active_style":"","zakra_page_header":true,"ngg_post_thumbnail":0,"footnotes":""},"class_list":["post-9","page","type-page","status-publish","hentry"],"_links":{"self":[{"href":"https:\/\/www.zspwolaradlowska.pl\/index.php?rest_route=\/wp\/v2\/pages\/9","targetHints":{"allow":["GET"]}}],"collection":[{"href":"https:\/\/www.zspwolaradlowska.pl\/index.php?rest_route=\/wp\/v2\/pages"}],"about":[{"href":"https:\/\/www.zspwolaradlowska.pl\/index.php?rest_route=\/wp\/v2\/types\/page"}],"author":[{"embeddable":true,"href":"https:\/\/www.zspwolaradlowska.pl\/index.php?rest_route=\/wp\/v2\/users\/1"}],"replies":[{"embeddable":true,"href":"https:\/\/www.zspwolaradlowska.pl\/index.php?rest_route=%2Fwp%2Fv2%2Fcomments&post=9"}],"version-history":[{"count":7,"href":"https:\/\/www.zspwolaradlowska.pl\/index.php?rest_route=\/wp\/v2\/pages\/9\/revisions"}],"predecessor-version":[{"id":1404,"href":"https:\/\/www.zspwolaradlowska.pl\/index.php?rest_route=\/wp\/v2\/pages\/9\/revisions\/1404"}],"wp:attachment":[{"href":"https:\/\/www.zspwolaradlowska.pl\/index.php?rest_route=%2Fwp%2Fv2%2Fmedia&parent=9"}],"curies":[{"name":"wp","href":"https:\/\/api.w.org\/{rel}","templated":true}]}}