{"id":166,"date":"2022-02-01T22:22:22","date_gmt":"2022-02-01T21:22:22","guid":{"rendered":"https:\/\/zspwr.nazwa.pl\/?page_id=166"},"modified":"2022-02-01T22:32:19","modified_gmt":"2022-02-01T21:32:19","slug":"program-mlody-asyz","status":"publish","type":"page","link":"https:\/\/www.zspwolaradlowska.pl\/?page_id=166","title":{"rendered":"Program &#8222;M\u0142ody Asy\u017c&#8221;"},"content":{"rendered":"\n<p><em>M\u0142odzi, b\u0105d\u017acie tw\u00f3rcami pokoju. Wy jeste\u015bcie pe\u0142noprawnymi budowniczymi tego wielkiego wsp\u00f3lnego dzie\u0142a (&#8230;) Id\u017acie drogami, na kt\u00f3re Was wiedzie Wasz zmys\u0142 bezinteresowno\u015bci, rado\u015bci \u017cycia, dzielenia si\u0119 z innymi.<br><\/em>Jan Pawe\u0142 II, Or\u0119dzie na XII \u015awiatowy Dzie\u0144 Pokoju, Watykan 1978 r.<\/p>\n\n\n\n<div class=\"wp-block-image is-style-default\"><figure class=\"aligncenter size-full is-resized\"><img loading=\"lazy\" decoding=\"async\" src=\"https:\/\/zspwr.nazwa.pl\/wp-content\/uploads\/2022\/02\/LOGO_MA.jpeg\" alt=\"\" class=\"wp-image-170\" width=\"362\" height=\"268\" srcset=\"https:\/\/www.zspwolaradlowska.pl\/wp-content\/uploads\/2022\/02\/LOGO_MA.jpeg 810w, https:\/\/www.zspwolaradlowska.pl\/wp-content\/uploads\/2022\/02\/LOGO_MA-300x222.jpeg 300w, https:\/\/www.zspwolaradlowska.pl\/wp-content\/uploads\/2022\/02\/LOGO_MA-768x569.jpeg 768w\" sizes=\"auto, (max-width: 362px) 100vw, 362px\" \/><\/figure><\/div>\n\n\n\n<p>M\u0141ODY ASY\u017b. M\u0141ODZIE\u017b NA RZECZ TOLERANCJI I POKOJU\u00a0program edukacyjny b\u0119d\u0105cy integracyjn\u0105 cz\u0119\u015bci\u0105 wieloletniego projektu cyklicznego &#8222;Oblicza dialogu&#8221; prowadzonego przez Instytut Dialogu Mi\u0119dzykulturowego im. Jana Paw\u0142a II w Krakowie<\/p>\n\n\n\n<p><strong>Za\u0142o\u017cenia edukacyjne projektu:<\/strong><\/p>\n\n\n\n<p>* promocja w\u015br\u00f3d ludzi m\u0142odych dzia\u0142a\u0144 i postaw otwartych na inne kultury i religie, zwalczaj\u0105cych stereotypy;<br>* podkre\u015blanie wsp\u00f3lnych p\u0142aszczyzn religijnych i kulturowych, takich jak: budownictwo sakralne, paralela obrazu stw\u00f3rcy w r\u00f3\u017cnych religiach, poszukiwanie absolutu, celebracja \u015bwi\u0105t w r\u00f3\u017cnych kulturach i religiach;<br>* poznawanie podobie\u0144stw i r\u00f3\u017cnic w por\u00f3wnywalnych obszarach kulturowych i religijnych jako droga do akceptacji odmienno\u015bci.<\/p>\n\n\n\n<p><\/p>\n\n\n\n<p><strong>Nasz udzia\u0142 w poszczeg\u00f3lnych edycjach programu:<\/strong><\/p>\n\n\n\n<p><strong>Rok szkolny 2016 \/ 2017<br><em>W drodze do Edenu. Obraz raju w kulturach i religiach \u015bwiata&#8221;<\/em><\/strong><\/p>\n\n\n\n<p>W IV edycji programu uczniowie Szko\u0142y Podstawowej jak i Publicznego Gimnazjum w Woli Rad\u0142owskiej po\u0142\u0105czyli swoje si\u0142y i wsp\u00f3lnie bior\u0105 udzia\u0142 w tym przedsi\u0119wzi\u0119ciu. Wsp\u00f3lnie zatem tworzona jest strona internetowa, kt\u00f3ra zawiera artyku\u0142y, opisy, fotogaleri\u0119 z przebiegu zada\u0144 organizowanych na rzecz programu.<br>Z publikowanymi informacjami mo\u017cna zapozna\u0107 si\u0119 na stronie: <strong><a href=\"http:\/\/zspwr.obliczadialogu.pl\/?o-nas,1\"><strong>zspwr.obliczadialogu.pl<\/strong><\/a><\/strong><br>Koordynatorami projektu s\u0105: Anna B\u0105k, Andrzej Kosman, Karolina Mas\u0142o, Weronika Mostowy &#8211; Ku\u017aniar i Monika Szczupa\u0142.<br><\/p>\n\n\n\n<p><strong>Rok szkolny 2015 \/ 2016<br><em>&#8222;\u0179r\u00f3d\u0142a wiary. Rola \u015bwi\u0119tych ksi\u0105g w kulturze i religii&#8221;<\/em><\/strong><\/p>\n\n\n\n<p>W III edycji programu udzia\u0142 brali zar\u00f3wno uczniowie Szko\u0142y Podstawowej jak i Publicznego Gimnazjum w Woli Rad\u0142owskiej. Materia\u0142y z realizacji programu s\u0105 umieszczane na nast\u0119puj\u0105cych stronach internetowych:<br><strong><a href=\"http:\/\/obliczadialogu.pl\/2015na16\/strony\/spwola\/\"><strong>Szko\u0142a Podstawowa<\/strong><\/a><\/strong>\u00a0oraz\u00a0<a href=\"http:\/\/obliczadialogu.pl\/2015na16\/strony\/gimkarolina\/\"><strong>Publiczne Gimnazjum<\/strong><\/a><br>Koordynatorami projektu byli:<br>&#8211; dla Szko\u0142y Podstawowej: Anna B\u0105k, Karolina Mas\u0142o i Monika Szczupa\u0142,<br>&#8211; dla Publicznego Gimnazjum: Weronika Mostowy &#8211; Ku\u017aniar, Andrzej Kosman i Monika Szczupa\u0142.<\/p>\n\n\n\n<p><strong>Rok szkolny 2014 \/ 2015<br><em>&#8222;Tradycja i obyczajowo\u015b\u0107. Celebracja \u015bwi\u0105t w r\u00f3\u017cnych kulturach i religiach&#8221;<\/em><\/strong><br>W edycji programu na rok szkolny 2014 \/ 2015 udzia\u0142 wzi\u0119li uczniowie Publicznego Gimnazjum w Woli Rad\u0142owskiej. Materia\u0142y z realizacji programu zosta\u0142y umieszczone na stronie internetowej:<strong><a href=\"http:\/\/obliczadialogu.pl\/2015\/gimkarolina\/\"><strong> GIMKAROLINA<\/strong><\/a><\/strong><br>Koordynatorami projektu byli: Weronika Mostowy &#8211; Ku\u017aniar, Andrzej Kosman i Monika Szczupa\u0142.<\/p>\n","protected":false},"excerpt":{"rendered":"<p>M\u0142odzi, b\u0105d\u017acie tw\u00f3rcami pokoju. Wy jeste\u015bcie pe\u0142noprawnymi budowniczymi tego wielkiego wsp\u00f3lnego dzie\u0142a (&#8230;) Id\u017acie drogami, na kt\u00f3re Was wiedzie Wasz zmys\u0142 bezinteresowno\u015bci, rado\u015bci \u017cycia, dzielenia si\u0119 z innymi.Jan Pawe\u0142 II, Or\u0119dzie na XII \u015awiatowy Dzie\u0144 Pokoju, Watykan 1978 r. M\u0141ODY ASY\u017b. M\u0141ODZIE\u017b NA RZECZ TOLERANCJI I POKOJU\u00a0program edukacyjny b\u0119d\u0105cy integracyjn\u0105 cz\u0119\u015bci\u0105 wieloletniego projektu cyklicznego &#8222;Oblicza [&hellip;]<\/p>\n","protected":false},"author":1,"featured_media":0,"parent":0,"menu_order":0,"comment_status":"closed","ping_status":"closed","template":"","meta":{"zakra_page_container_layout":"customizer","zakra_page_sidebar_layout":"customizer","zakra_remove_content_margin":false,"zakra_sidebar":"customizer","zakra_transparent_header":"customizer","zakra_logo":0,"zakra_main_header_style":"default","zakra_menu_item_color":"","zakra_menu_item_hover_color":"","zakra_menu_item_active_color":"","zakra_menu_active_style":"","zakra_page_header":true,"ngg_post_thumbnail":0,"footnotes":""},"class_list":["post-166","page","type-page","status-publish","hentry"],"_links":{"self":[{"href":"https:\/\/www.zspwolaradlowska.pl\/index.php?rest_route=\/wp\/v2\/pages\/166","targetHints":{"allow":["GET"]}}],"collection":[{"href":"https:\/\/www.zspwolaradlowska.pl\/index.php?rest_route=\/wp\/v2\/pages"}],"about":[{"href":"https:\/\/www.zspwolaradlowska.pl\/index.php?rest_route=\/wp\/v2\/types\/page"}],"author":[{"embeddable":true,"href":"https:\/\/www.zspwolaradlowska.pl\/index.php?rest_route=\/wp\/v2\/users\/1"}],"replies":[{"embeddable":true,"href":"https:\/\/www.zspwolaradlowska.pl\/index.php?rest_route=%2Fwp%2Fv2%2Fcomments&post=166"}],"version-history":[{"count":4,"href":"https:\/\/www.zspwolaradlowska.pl\/index.php?rest_route=\/wp\/v2\/pages\/166\/revisions"}],"predecessor-version":[{"id":173,"href":"https:\/\/www.zspwolaradlowska.pl\/index.php?rest_route=\/wp\/v2\/pages\/166\/revisions\/173"}],"wp:attachment":[{"href":"https:\/\/www.zspwolaradlowska.pl\/index.php?rest_route=%2Fwp%2Fv2%2Fmedia&parent=166"}],"curies":[{"name":"wp","href":"https:\/\/api.w.org\/{rel}","templated":true}]}}