{"id":156,"date":"2022-01-18T23:27:22","date_gmt":"2022-01-18T22:27:22","guid":{"rendered":"https:\/\/zspwr.nazwa.pl\/?page_id=156"},"modified":"2022-01-18T23:35:28","modified_gmt":"2022-01-18T22:35:28","slug":"wojewodzki-projekt-ekologiczny-ekoszkola-2015","status":"publish","type":"page","link":"https:\/\/www.zspwolaradlowska.pl\/?page_id=156","title":{"rendered":"WOJEW\u00d3DZKI PROJEKT EKOLOGICZNY EKOSZKO\u0141A 2015"},"content":{"rendered":"\n<p>Koordynatorzy: Andrzej Kosman, Weronika Mostowy-Ku\u017aniar<\/p>\n\n\n\n<p><strong>CELE PROJEKTU<\/strong><\/p>\n\n\n\n<ul class=\"wp-block-list\"><li>utrwalenie i pog\u0142\u0119bianie wiadomo\u015bci przyrodniczo &#8211; ekologicznych,<\/li><li>budowanie \u015bwiadomo\u015bci ekologicznej,<\/li><li>wdra\u017canie do poznawania cennych okaz\u00f3w ro\u015blin i zwierz\u0105t swojej miejscowo\u015bci,<\/li><li>pobudzanie wra\u017cliwo\u015bci na pi\u0119kno \u015brodowiska naturalnego,<\/li><li>kszta\u0142towanie aktywnej postawy i kultury ekologicznej,<\/li><li>inspirowanie uczni\u00f3w, nauczycieli i rodzic\u00f3w do pracy na rzecz ochrony \u015brodowiska,<\/li><li>prezentacja na forum posiadanych wiadomo\u015bci, umiej\u0119tno\u015bci i dzia\u0142a\u0144 z zakresu ekologii,<\/li><li>przygotowanie projektu zmian w swojej miejscowo\u015bci dla ochrony \u015brodowiska.<\/li><\/ul>\n\n\n\n<p><strong>W ramach projektu zosta\u0142 przeprowadzony Turniej Ekologiczny rozgrywany w IV rundach:<\/strong><\/p>\n\n\n\n<ul class=\"wp-block-list\"><li>konkurs z wiedzy z zakresu ekologii i ochrony \u015brodowiska,<\/li><li>konkurs szk\u00f3\u0142 na plakat w formie pracy plastycznej lub pracy fotograficznej,<\/li><li>sprawozdanie pisemne i prezentacja multimedialna z przebiegu dzia\u0142a\u0144,\/li><\/li><li>plan przedsi\u0119wzi\u0119cia ekologicznego na terenie swojej szko\u0142y lub miejscowo\u015bci.<\/li><\/ul>\n\n\n\n<p><strong>Tytu\u0142 Ekoszko\u0142a 2015 dla PG w Woli Rad\u0142owskiej<\/strong><\/p>\n\n\n\n<p>W auli Ma\u0142opolskiego Urz\u0119du Wojew\u00f3dzkiego w Tarnowie odby\u0142a si\u0119 konferencja podsumowuj\u0105ca Wojew\u00f3dzki Projekt Ekologiczny Ekoszko\u0142a, Ekoprzedszkole 2015. Swoj\u0105 obecno\u015bci\u0105 zaszczyci\u0142 w tym dniu wszystkich zebranych Ma\u0142opolski Kurator O\u015bwiaty p. Aleksander Palczewski.<br><br>Konkurs dla gimnazj\u00f3w sk\u0142ada\u0142 si\u0119 z czterech etap\u00f3w, kt\u00f3re zosta\u0142y zrealizowane w odpowiednich terminach. Przewodnicz\u0105cymi komisji byli p. Urszula Blicharz &#8211; dyrektor tarnowskiej Delegatury Kuratorium O\u015bwiaty w Krakowie i p. Piotr Kania &#8211; dyrektor Gminnego O\u015brodka Kultury w Borz\u0119cinie. W pierwszym etapie trzyosobowy zesp\u00f3\u0142 zmierzy\u0142 si\u0119 z pytaniami z zakresu ekologii i ochrony przyrody ze szczeg\u00f3lnym uwzgl\u0119dnieniem g\u00f3rskich Polskich Park\u00f3w Narodowych. Nasi gimnazjali\u015bci:\u00a0<strong>Joanna Pietras, Sylwia Zale\u015bna, Gabriel Kusior zaj\u0119li w nim III miejsce.<\/strong>\u00a0W drugim etapie prace plastyczne i fotograficzne jury bra\u0142o pod uwag\u0119: zgodno\u015b\u0107 tematyczn\u0105, jako\u015b\u0107 i estetyk\u0119 wykonanej pracy, oryginalno\u015b\u0107 wykonania pracy, bogactwo okaz\u00f3w naturalnych \u015brodowiska przyrodniczego swojej miejscowo\u015bci. Praca wykonana przez\u00a0<strong>King\u0119 Nasiadk\u0119 zosta\u0142a uhonorowana I miejscem.<\/strong>\u00a0Kolejnym krokiem do zwyci\u0119stwa by\u0142 trzeci etap, w kt\u00f3rym zaj\u0119li\u015bmy II miejsce za przygotowanie sprawozdania i prezentacji multimedialnej z przebiegu dzia\u0142a\u0144 ekologicznych. W ostatnim etapie zadaniem szk\u00f3\u0142 by\u0142o zaplanowanie przedsi\u0119wzi\u0119cia ekologicznego. Projekt matematyczny ogrodu zio\u0142owo &#8211; kwiatowego, przygotowany przez\u00a0<strong>Natali\u0119 Patulsk\u0105 i Adama Szczepa\u0144skiego, zyska\u0142 uznanie komisji i zosta\u0142 nagrodzony I miejscem.<\/strong><br><br>Spo\u015br\u00f3d wszystkich szk\u00f3\u0142 gimnazjalnych uczestnicz\u0105cych w Projekcie nasza plac\u00f3wka otrzyma\u0142a\u00a0<strong>Statuetk\u0119 Ekoszko\u0142a 2015.<\/strong>\u00a0Jest to du\u017ce wyzwanie dla naszej szko\u0142y i zobowi\u0105zuje nas do dalszej pracy na rzecz ochrony \u015brodowiska.<\/p>\n\n\n\n<div class=\"wp-block-image\"><figure class=\"aligncenter size-full\"><img loading=\"lazy\" decoding=\"async\" width=\"440\" height=\"464\" src=\"https:\/\/zspwr.nazwa.pl\/wp-content\/uploads\/2022\/01\/EKO_2015.jpeg\" alt=\"\" class=\"wp-image-160\" srcset=\"https:\/\/www.zspwolaradlowska.pl\/wp-content\/uploads\/2022\/01\/EKO_2015.jpeg 440w, https:\/\/www.zspwolaradlowska.pl\/wp-content\/uploads\/2022\/01\/EKO_2015-284x300.jpeg 284w\" sizes=\"auto, (max-width: 440px) 100vw, 440px\" \/><\/figure><\/div>\n","protected":false},"excerpt":{"rendered":"<p>Koordynatorzy: Andrzej Kosman, Weronika Mostowy-Ku\u017aniar CELE PROJEKTU utrwalenie i pog\u0142\u0119bianie wiadomo\u015bci przyrodniczo &#8211; ekologicznych, budowanie \u015bwiadomo\u015bci ekologicznej, wdra\u017canie do poznawania cennych okaz\u00f3w ro\u015blin i zwierz\u0105t swojej miejscowo\u015bci, pobudzanie wra\u017cliwo\u015bci na pi\u0119kno \u015brodowiska naturalnego, kszta\u0142towanie aktywnej postawy i kultury ekologicznej, inspirowanie uczni\u00f3w, nauczycieli i rodzic\u00f3w do pracy na rzecz ochrony \u015brodowiska, prezentacja na forum posiadanych wiadomo\u015bci, [&hellip;]<\/p>\n","protected":false},"author":1,"featured_media":0,"parent":0,"menu_order":0,"comment_status":"closed","ping_status":"closed","template":"","meta":{"zakra_page_container_layout":"customizer","zakra_page_sidebar_layout":"customizer","zakra_remove_content_margin":false,"zakra_sidebar":"customizer","zakra_transparent_header":"customizer","zakra_logo":0,"zakra_main_header_style":"default","zakra_menu_item_color":"","zakra_menu_item_hover_color":"","zakra_menu_item_active_color":"","zakra_menu_active_style":"","zakra_page_header":true,"ngg_post_thumbnail":0,"footnotes":""},"class_list":["post-156","page","type-page","status-publish","hentry"],"_links":{"self":[{"href":"https:\/\/www.zspwolaradlowska.pl\/index.php?rest_route=\/wp\/v2\/pages\/156","targetHints":{"allow":["GET"]}}],"collection":[{"href":"https:\/\/www.zspwolaradlowska.pl\/index.php?rest_route=\/wp\/v2\/pages"}],"about":[{"href":"https:\/\/www.zspwolaradlowska.pl\/index.php?rest_route=\/wp\/v2\/types\/page"}],"author":[{"embeddable":true,"href":"https:\/\/www.zspwolaradlowska.pl\/index.php?rest_route=\/wp\/v2\/users\/1"}],"replies":[{"embeddable":true,"href":"https:\/\/www.zspwolaradlowska.pl\/index.php?rest_route=%2Fwp%2Fv2%2Fcomments&post=156"}],"version-history":[{"count":4,"href":"https:\/\/www.zspwolaradlowska.pl\/index.php?rest_route=\/wp\/v2\/pages\/156\/revisions"}],"predecessor-version":[{"id":161,"href":"https:\/\/www.zspwolaradlowska.pl\/index.php?rest_route=\/wp\/v2\/pages\/156\/revisions\/161"}],"wp:attachment":[{"href":"https:\/\/www.zspwolaradlowska.pl\/index.php?rest_route=%2Fwp%2Fv2%2Fmedia&parent=156"}],"curies":[{"name":"wp","href":"https:\/\/api.w.org\/{rel}","templated":true}]}}